
{"id":283,"date":"2015-01-05T12:16:09","date_gmt":"2015-01-05T11:16:09","guid":{"rendered":"https:\/\/sitgesrocktrail.cat\/es\/?page_id=283"},"modified":"2026-02-04T22:39:21","modified_gmt":"2026-02-04T21:39:21","slug":"inscripciones","status":"publish","type":"page","link":"https:\/\/sitgesrocktrail.cat\/es\/inscripciones\/","title":{"rendered":"Inscripciones"},"content":{"rendered":"<div class=\"fusion-fullwidth fullwidth-box fusion-builder-row-1 hundred-percent-fullwidth non-hundred-percent-height-scrolling\" style=\"--awb-border-radius-top-left:0px;--awb-border-radius-top-right:0px;--awb-border-radius-bottom-right:0px;--awb-border-radius-bottom-left:0px;--awb-overflow:visible;--awb-flex-wrap:wrap;\" ><div class=\"fusion-builder-row fusion-row\"><div class=\"fusion-layout-column fusion_builder_column fusion-builder-column-0 fusion_builder_column_1_3 1_3 fusion-one-third fusion-column-first\" style=\"--awb-bg-size:cover;width:30.6666%; margin-right: 4%;\"><div class=\"fusion-column-wrapper fusion-flex-column-wrapper-legacy\"><div class=\"fusion-sep-clear\"><\/div><div class=\"fusion-separator fusion-full-width-sep\" style=\"margin-left: auto;margin-right: auto;margin-top:10px;margin-bottom:10px;width:100%;\"><\/div><div class=\"fusion-sep-clear\"><\/div><div class=\"fusion-text fusion-text-1\"><h2>El precio de la inscripci\u00f3n incluye:<\/h2>\n<\/div><ul style=\"--awb-size:13px;--awb-line-height:22.1px;--awb-icon-width:22.1px;--awb-icon-height:22.1px;--awb-icon-margin:9.1px;--awb-content-margin:31.2px;--awb-circlecolor:#1a80b6;--awb-circle-yes-font-size:11.44px;\" class=\"fusion-checklist fusion-checklist-1 fusion-checklist-default type-icons\"><li class=\"fusion-li-item\" style=\"\"><span class=\"icon-wrapper circle-yes\"><i class=\"fusion-li-icon fa-check fas\" aria-hidden=\"true\"><\/i><\/span><div class=\"fusion-li-item-content\">\n<p>Camiseta TUGA de hombre o mujer conmemorativa. <span style=\"color: #000000;\"><strong>S\u00f3lo podemos asegurar las tallas para los inscritos antes del 23 de enero de 2026 <\/strong><span class=\"tlid-translation translation\" style=\"color: #800000;\"><span title=\"\"><span class=\"\" title=\"\">[<a style=\"color: #800000;\" href=\"https:\/\/sitgesrocktrail.cat\/es\/wp-content\/uploads\/sites\/2\/2024\/10\/talla-tuga.jpeg\" target=\"_blank\" rel=\"noopener noreferrer\">consultar tallas<\/a>]<\/span><\/span><\/span><\/span><\/p>\n<\/div><\/li><li class=\"fusion-li-item\" style=\"\"><span class=\"icon-wrapper circle-yes\"><i class=\"fusion-li-icon fa-check fas\" aria-hidden=\"true\"><\/i><\/span><div class=\"fusion-li-item-content\">Avituallamiento durante la carrera y al finalizar la prueba<\/div><\/li><li class=\"fusion-li-item\" style=\"\"><span class=\"icon-wrapper circle-yes\"><i class=\"fusion-li-icon fa-check fas\" aria-hidden=\"true\"><\/i><\/span><div class=\"fusion-li-item-content\">Servicios de gruardarropa, duchas y massajes<\/div><\/li><\/ul><div class=\"fusion-sep-clear\"><\/div><div class=\"fusion-separator fusion-full-width-sep\" style=\"margin-left: auto;margin-right: auto;margin-top:10px;margin-bottom:10px;width:100%;\"><\/div><div class=\"fusion-sep-clear\"><\/div><div class=\"fusion-text fusion-text-2\"><h2>Seguro y condiciones<\/h2>\n<\/div><ul style=\"--awb-size:13px;--awb-line-height:22.1px;--awb-icon-width:22.1px;--awb-icon-height:22.1px;--awb-icon-margin:9.1px;--awb-content-margin:31.2px;--awb-circlecolor:#1a80b6;--awb-circle-yes-font-size:11.44px;\" class=\"fusion-checklist fusion-checklist-2 fusion-checklist-default type-icons\"><li class=\"fusion-li-item\" style=\"\"><span class=\"icon-wrapper circle-yes\"><i class=\"fusion-li-icon fa-check fas\" aria-hidden=\"true\"><\/i><\/span><div class=\"fusion-li-item-content\">\n<p>Las inscripciones se cerrar\u00e1n el <strong>22 de Febrero<\/strong> o cuando se alcance el l\u00edmite de participantes por carrera<\/p>\n<\/div><\/li><li class=\"fusion-li-item\" style=\"\"><span class=\"icon-wrapper circle-yes\"><i class=\"fusion-li-icon fa-check fas\" aria-hidden=\"true\"><\/i><\/span><div class=\"fusion-li-item-content\">\n<p>A partir del <strong>22 de Febrero<\/strong> no se admitir\u00e1 ning\u00fan cambio en las inscripciones<\/p>\n<\/div><\/li><li class=\"fusion-li-item\" style=\"\"><span class=\"icon-wrapper circle-yes\"><i class=\"fusion-li-icon fa-check fas\" aria-hidden=\"true\"><\/i><\/span><div class=\"fusion-li-item-content\">La organizaci\u00f3n acepta licencias federativas expedidas por la <strong>FEEC<\/strong>, la <strong>FEDME<\/strong> u otras federaciones adheridas a la <strong>UIAA<\/strong><\/div><\/li><li class=\"fusion-li-item\" style=\"\"><span class=\"icon-wrapper circle-yes\"><i class=\"fusion-li-icon fa-check fas\" aria-hidden=\"true\"><\/i><\/span><div class=\"fusion-li-item-content\"><strong>Los participantes federados tendr\u00e1n que presentar la licencia en el momento de recoger su dorsal<\/strong><\/div><\/li><li class=\"fusion-li-item\" style=\"\"><span class=\"icon-wrapper circle-yes\"><i class=\"fusion-li-icon fa-check fas\" aria-hidden=\"true\"><\/i><\/span><div class=\"fusion-li-item-content\">En caso de no estar federado o de no presentar la licencia federativa, ser\u00e1 necesario contratar un seguro temporal que ser\u00e1 expedido por la organizaci\u00f3n y que se sumar\u00e1 al precio de la inscripci\u00f3n<\/div><\/li><li class=\"fusion-li-item\" style=\"\"><span class=\"icon-wrapper circle-yes\"><i class=\"fusion-li-icon fa-check fas\" aria-hidden=\"true\"><\/i><\/span><div class=\"fusion-li-item-content\">Los participantes deber\u00e1n tener cumplidos los <strong>16 a\u00f1os<\/strong> el d\u00eda de la carrera si participan en la Sitges Rock Trail. Si lo hacen en la Speed Rock, la edad m\u00ednima para participar es de <strong>15 a\u00f1os<\/strong><\/div><\/li><li class=\"fusion-li-item\" style=\"\"><span class=\"icon-wrapper circle-yes\"><i class=\"fusion-li-icon fa-check fas\" aria-hidden=\"true\"><\/i><\/span><div class=\"fusion-li-item-content\">Al inscribirse, cada corredor declara entender y aceptar las condiciones de participaci\u00f3n que figuran en la <span style=\"color: #023ca8;\"><a style=\"color: #023ca8;\" title=\"Normativa\" href=\"https:\/\/sitgesrocktrail.cat\/es\/normativa\/\"><strong>NORMATIVA<\/strong><\/a><\/span> de la carrera<\/div><\/li><li class=\"fusion-li-item\" style=\"\"><span class=\"icon-wrapper circle-yes\"><i class=\"fusion-li-icon fa-check fas\" aria-hidden=\"true\"><\/i><\/span><div class=\"fusion-li-item-content\">\n<p>Todos los participantes <span style=\"color: #000000;\"><strong>menores de edad<\/strong><\/span> deber\u00e1n presentar esta <span style=\"color: #023ca8;\"><strong><a style=\"color: #023ca8;\" href=\"https:\/\/sitgesrocktrail.cat\/wp-content\/uploads\/docs\/SRT_2026_autoritzacio_menors_cat.pdf\" target=\"_blank\" rel=\"noopener\">AUTORIZACI\u00d3N<\/a> <\/strong><\/span>paterna en el momento de recoger su dorsal<\/p>\n<\/div><\/li><\/ul><div class=\"fusion-clearfix\"><\/div><\/div><\/div><div class=\"fusion-layout-column fusion_builder_column fusion-builder-column-1 fusion_builder_column_2_3 2_3 fusion-two-third fusion-column-last\" style=\"--awb-bg-size:cover;width:65.3333%;\"><div class=\"fusion-column-wrapper fusion-flex-column-wrapper-legacy\"><div class=\"fusion-sep-clear\"><\/div><div class=\"fusion-separator fusion-full-width-sep\" style=\"margin-left: auto;margin-right: auto;margin-top:10px;margin-bottom:10px;width:100%;\"><\/div><div class=\"fusion-sep-clear\"><\/div><style type='text\/css'>\n\t\t\t\t.pricing-table-1 .panel-container, .pricing-table-1 .standout .panel-container,\n\t\t\t\t.pricing-table-1.full-boxed-pricing {background-color:#f8f8f8;}\n\t\t\t\t.pricing-table-1 .list-group .list-group-item,\n\t\t\t\t.pricing-table-1 .list-group .list-group-item:last-child{background-color:#ffffff; border-color:#ededed;}\n\t\t\t\t.pricing-table-1.full-boxed-pricing .panel-wrapper:hover .panel-heading,\n\t\t\t\t.pricing-table-1 .panel-wrapper:hover .list-group-item {background-color:#f8f8f8;}\n\t\t\t\t.pricing-table-1.full-boxed-pricing .panel-heading{background-color:#ffffff;}\n\t\t\t\t.pricing-table-1 .fusion-panel, .pricing-table-1 .panel-wrapper:last-child .fusion-panel,\n\t\t\t\t.pricing-table-1 .standout .fusion-panel, .pricing-table-1  .panel-heading,\n\t\t\t\t.pricing-table-1 .panel-body, .pricing-table-1 .panel-footer{border-color:#ededed;}\n\t\t\t\t.pricing-table-1 .panel-body,.pricing-table-1 .panel-footer{background-color:#f8f8f8;}\n\t\t\t\t.pricing-table-1.sep-boxed-pricing .panel-heading h3{color:#ffffff;}\n\t\t\t\t.pricing-table-1.full-boxed-pricing.fusion-pricing-table .panel-heading h3{color:#333333;}\n\t\t\t\t.pricing-table-1.fusion-pricing-table .panel-body .price .decimal-part{color:#62a2c4;}\n\t\t\t\t.pricing-table-1.fusion-pricing-table .panel-body .price .integer-part{color:#62a2c4;}\n\t\t\t\t.pricing-table-1 ul.list-group li{color:#747474;}\n\t\t\t\t<\/style><div class=\"fusion-pricing-table pricing-table-1 sep-boxed-pricing row fusion-columns-2 columns-2 fusion-clearfix\"><div class=\"panel-wrapper fusion-column column col-lg-6 col-md-6 col-sm-6 fusion-pricingtable-column\"><div class=\"panel-container\"><div class=\"fusion-panel\"><div class=\"panel-heading\"><h3 class=\"title-row\">Sitges Rock Trail 25km<\/h3><\/div><div class=\"panel-body pricing-row\"><div class=\"price \"><span class=\"currency\"><\/span><span class=\"integer-part\">29\u20ac<\/span><\/div><\/div><ul class=\"list-group\"><li class=\"list-group-item normal-row\">Precio del seguro temporal en caso de no estar federado: <span style=\"color: #000000;\"><strong>3\u20ac<\/strong><\/span><\/li><li class=\"list-group-item normal-row\">L\u00edmite de <span style=\"color: #000000;\"><strong>250<\/strong><\/span> participantes<\/li><li class=\"list-group-item normal-row\"><strong><span style=\"color: #ff0000;\">Inscripciones abiertas hasta el 22 de Febrero de 2026 o hasta alcanzar el l\u00edmite de participantes<\/span><\/strong><\/li><\/ul><\/div><\/div><\/div><div class=\"panel-wrapper fusion-column column col-lg-6 col-md-6 col-sm-6 fusion-pricingtable-column\"><div class=\"panel-container\"><div class=\"fusion-panel\"><div class=\"panel-heading\"><h3 class=\"title-row\">Speed Rock 12km<\/h3><\/div><div class=\"panel-body pricing-row\"><div class=\"price \"><span class=\"currency\"><\/span><span class=\"integer-part\">20\u20ac<\/span><\/div><\/div><ul class=\"list-group\"><li class=\"list-group-item normal-row\">Precio del seguro temporal en caso de no estar federado: <span style=\"color: #000000;\"><strong>3\u20ac<\/strong><\/span><\/li><li class=\"list-group-item normal-row\">L\u00edmite de <span style=\"color: #000000;\"><strong>250<\/strong><\/span> participantes<\/li><li class=\"list-group-item normal-row\"><strong><span style=\"color: #ff0000;\">Inscripciones abiertas hasta el 22 de Febrero de 2026 o hasta alcanzar el l\u00edmite de participantes<\/span><\/strong><\/li><\/ul><\/div><\/div><\/div><\/div><div class=\"fusion-sep-clear\"><\/div><div class=\"fusion-separator fusion-full-width-sep\" style=\"margin-left: auto;margin-right: auto;margin-top:5px;margin-bottom:5px;width:100%;\"><\/div><div class=\"fusion-sep-clear\"><\/div><div class=\"fusion-align-block\"><a class=\"fusion-button button-flat button-xlarge button-custom fusion-button-default button-1 fusion-button-span-yes fusion-button-default-type fusion-has-button-gradient\" style=\"--button_accent_color:#ffffff;--button_border_color:#ffffff;--button_accent_hover_color:#ffffff;--button_border_hover_color:#ffffff;--button_gradient_top_color:#1a80b6;--button_gradient_bottom_color:#1a80b6;--button_gradient_top_color_hover:#46a3d6;--button_gradient_bottom_color_hover:#90c9e8;\" target=\"_blank\" rel=\"noopener noreferrer\" href=\"https:\/\/sportmaniacs.com\/es\/services\/inscription\/sitges-rock-trail-2025\"><i class=\"fa-star fas button-icon-left\" aria-hidden=\"true\"><\/i><span class=\"fusion-button-text\">Haz clic aqu\u00ed para inscribirte<\/span><\/a><\/div><div class=\"fusion-sep-clear\"><\/div><div class=\"fusion-separator fusion-full-width-sep\" style=\"margin-left: auto;margin-right: auto;margin-top:10px;margin-bottom:10px;width:100%;\"><\/div><div class=\"fusion-sep-clear\"><\/div><div class=\"fusion-text fusion-text-3\"><div class=\"table-1\">\n<table width=\"100%\">\n<tbody>\n<tr>\n<td width=\"50%\">\n<p style=\"text-align: center;\">Si tienes cualquier duda o necesitas ayuda durante el proceso de inscripci\u00f3n, puedes contactar a trav\u00e9s de:<\/p>\n<h3 class=\"iw gFxsud fusion-responsive-typography-calculated\" style=\"text-align: center;\" data-fontsize=\"16\" data-lineheight=\"24px\"><span class=\"qu\" tabindex=\"-1\" role=\"gridcell\" translate=\"no\"><span class=\"go\">info@sitgesrocktrail.cat<\/span><\/span><\/h3>\n<\/td>\n<td width=\"50%\">\n<p style=\"text-align: center;\">Si eres <strong>menor de edad,<\/strong> tendr\u00e1s que presentar esta autorizaci\u00f3n al recoger tu dorsal.<\/p>\n<p style=\"text-align: center;\"><span style=\"text-align: center;\"><div class=\"\"><a href=\"https:\/\/sitgesrocktrail.cat\/wp-content\/uploads\/docs\/SRT_2026_autoritzacio_menors_cat.pdf\" target=\"_self\" class=\"emd_dl_blue\" download>Autorizaci\u00f3n<\/a><\/div>        <style type=\"text\/css\">\r\n    .emd_dl_blue {\r\n        -moz-box-shadow:inset 0px 1px 0px 0px #bbdaf7;\r\n        -webkit-box-shadow:inset 0px 1px 0px 0px #bbdaf7;\r\n        box-shadow:inset 0px 1px 0px 0px #bbdaf7;\r\n        background:-webkit-gradient( linear, left top, left bottom, color-stop(0.05, #79bbff), color-stop(1, #378de5) );\r\n        background:-moz-linear-gradient( center top, #79bbff 5%, #378de5 100% );\r\n        filter:progid:DXImageTransform.Microsoft.gradient(startColorstr='#79bbff', endColorstr='#378de5');\r\n        background-color:#79bbff;\r\n        -webkit-border-top-left-radius:0px;\r\n        -moz-border-radius-topleft:0px;\r\n        border-top-left-radius:0px;\r\n        -webkit-border-top-right-radius:0px;\r\n        -moz-border-radius-topright:0px;\r\n        border-top-right-radius:0px;\r\n        -webkit-border-bottom-right-radius:0px;\r\n        -moz-border-radius-bottomright:0px;\r\n        border-bottom-right-radius:0px;\r\n        -webkit-border-bottom-left-radius:0px;\r\n        -moz-border-radius-bottomleft:0px;\r\n        border-bottom-left-radius:0px;\r\n        text-indent:0;\r\n        border:1px solid #84bbf3;\r\n        display:inline-block;\r\n        color:#ffffff !important;\r\n        font-family:Georgia;\r\n        font-size:15px;\r\n        font-weight:bold;\r\n        font-style:normal;\r\n        height:32px;\r\n        line-height:32px;\r\n        width:153px;\r\n        text-decoration:none;\r\n        text-align:center;\r\n        text-shadow:1px 1px 0px #528ecc;\r\n    }\r\n    .emd_dl_blue:hover {\r\n        background:-webkit-gradient( linear, left top, left bottom, color-stop(0.05, #378de5), color-stop(1, #79bbff) );\r\n        background:-moz-linear-gradient( center top, #378de5 5%, #79bbff 100% );\r\n        filter:progid:DXImageTransform.Microsoft.gradient(startColorstr='#378de5', endColorstr='#79bbff');\r\n        background-color:#378de5;\r\n    }.emd_dl_blue:active {\r\n        position:relative;\r\n        top:1px;\r\n    }\r\n    <\/style><\/span><\/p>\n<\/td>\n<\/tr>\n<\/tbody>\n<\/table>\n<\/div>\n<\/div><div class=\"fusion-clearfix\"><\/div><\/div><\/div><\/div><\/div>\n","protected":false},"excerpt":{"rendered":"","protected":false},"author":1,"featured_media":0,"parent":0,"menu_order":0,"comment_status":"closed","ping_status":"closed","template":"","meta":{"footnotes":""},"_links":{"self":[{"href":"https:\/\/sitgesrocktrail.cat\/es\/wp-json\/wp\/v2\/pages\/283"}],"collection":[{"href":"https:\/\/sitgesrocktrail.cat\/es\/wp-json\/wp\/v2\/pages"}],"about":[{"href":"https:\/\/sitgesrocktrail.cat\/es\/wp-json\/wp\/v2\/types\/page"}],"author":[{"embeddable":true,"href":"https:\/\/sitgesrocktrail.cat\/es\/wp-json\/wp\/v2\/users\/1"}],"replies":[{"embeddable":true,"href":"https:\/\/sitgesrocktrail.cat\/es\/wp-json\/wp\/v2\/comments?post=283"}],"version-history":[{"count":6,"href":"https:\/\/sitgesrocktrail.cat\/es\/wp-json\/wp\/v2\/pages\/283\/revisions"}],"predecessor-version":[{"id":1532,"href":"https:\/\/sitgesrocktrail.cat\/es\/wp-json\/wp\/v2\/pages\/283\/revisions\/1532"}],"wp:attachment":[{"href":"https:\/\/sitgesrocktrail.cat\/es\/wp-json\/wp\/v2\/media?parent=283"}],"curies":[{"name":"wp","href":"https:\/\/api.w.org\/{rel}","templated":true}]}}